{"id":7365,"date":"2016-10-26T10:50:52","date_gmt":"2016-10-26T10:50:52","guid":{"rendered":"http:\/\/www.fondasport.net\/catering-fonda-sport\/"},"modified":"2025-11-22T19:12:57","modified_gmt":"2025-11-22T18:12:57","slug":"catering-fonda","status":"publish","type":"page","link":"https:\/\/www.fondasport.net\/es\/catering-fonda\/","title":{"rendered":"C\u00e1tering de la Fonda"},"content":{"rendered":"<p>[et_pb_section fb_built=\u00bb1&#8243; fullwidth=\u00bbon\u00bb disabled_on=\u00bboff|off|off\u00bb _builder_version=\u00bb4.16&#8243; background_color=\u00bbrgba(255,255,255,0)\u00bb custom_padding=\u00bb100px||0px|\u00bb transparent_background=\u00bbon\u00bb global_colors_info=\u00bb{}\u00bb][et_pb_fullwidth_header title=\u00bbC\u00e1tering\u00bb subhead=\u00bbde la Fonda Sport\u00bb text_orientation=\u00bbcenter\u00bb disabled_on=\u00bboff|off|off\u00bb _builder_version=\u00bb4.16&#8243; title_font_size=\u00bb40px\u00bb subhead_font_size=\u00bb31px\u00bb background_color=\u00bbrgba(255, 255, 255, 0)\u00bb background_size=\u00bbinitial\u00bb background_position=\u00bbtop_left\u00bb background_repeat=\u00bbrepeat\u00bb background_layout=\u00bblight\u00bb global_colors_info=\u00bb{}\u00bb button_one_text_size__hover_enabled=\u00bboff\u00bb button_two_text_size__hover_enabled=\u00bboff\u00bb button_one_text_color__hover_enabled=\u00bboff\u00bb button_two_text_color__hover_enabled=\u00bboff\u00bb button_one_border_width__hover_enabled=\u00bboff\u00bb button_two_border_width__hover_enabled=\u00bboff\u00bb button_one_border_color__hover_enabled=\u00bboff\u00bb button_two_border_color__hover_enabled=\u00bboff\u00bb button_one_border_radius__hover_enabled=\u00bboff\u00bb button_two_border_radius__hover_enabled=\u00bboff\u00bb button_one_letter_spacing__hover_enabled=\u00bboff\u00bb button_two_letter_spacing__hover_enabled=\u00bboff\u00bb button_one_bg_color__hover_enabled=\u00bboff\u00bb button_two_bg_color__hover_enabled=\u00bboff\u00bb]<\/p>\n<p>&nbsp;<\/p>\n<p>Disfruta de tu tiempo y d\u00e9janos a nosotros el c\u00e1tering. Aqu\u00ed te dejamos nuestra propuesta de platos para llevar. Ser\u00e1 tu trabajo elegir, que ya avisamos que ser\u00e1 dif\u00edcil porque son todos deliciosos. Adem\u00e1s, algunos de los platos son aptos para cel\u00edacos y vegetarianos as\u00ed que todo el mundo podr\u00e1 disfrutar!<\/p>\n<p><strong>Recuerda que los encargos se tienen que pedir m\u00ednimo cuatro d\u00edas antes.<\/strong><\/p>\n<p>[\/et_pb_fullwidth_header][\/et_pb_section][et_pb_section fb_built=\u00bb1&#8243; disabled_on=\u00bboff|off|off\u00bb admin_label=\u00bbPDF Section\u00bb module_id=\u00bbzonamenus\u00bb _builder_version=\u00bb4.19.4&#8243; custom_padding=\u00bb0px|||\u00bb locked=\u00bboff\u00bb global_colors_info=\u00bb{}\u00bb][et_pb_row make_equal=\u00bbon\u00bb disabled_on=\u00bboff|off|off\u00bb module_class=\u00bb et_pb_row_fullwidth\u00bb _builder_version=\u00bb4.16&#8243; background_size=\u00bbinitial\u00bb background_position=\u00bbtop_left\u00bb background_repeat=\u00bbrepeat\u00bb width=\u00bb89%\u00bb width_tablet=\u00bb80%\u00bb width_phone=\u00bb\u00bb width_last_edited=\u00bbon|desktop\u00bb max_width=\u00bb89%\u00bb max_width_tablet=\u00bb80%\u00bb max_width_phone=\u00bb\u00bb max_width_last_edited=\u00bbon|desktop\u00bb module_alignment=\u00bbcenter\u00bb custom_padding=\u00bb0|0px|23px|0px|false|false\u00bb make_fullwidth=\u00bbon\u00bb global_colors_info=\u00bb{}\u00bb][et_pb_column type=\u00bb4_4&#8243; _builder_version=\u00bb4.16&#8243; custom_padding=\u00bb|||\u00bb global_colors_info=\u00bb{}\u00bb custom_padding__hover=\u00bb|||\u00bb][et_pb_text _builder_version=\u00bb4.27.4&#8243; text_orientation=\u00bbcenter\u00bb link_option_url=\u00bbhttps:\/\/www.fondasport.net\/wp-content\/uploads\/2025\/07\/Fiesta-mayor-2025-.pdf\u00bb link_option_url_new_window=\u00bbon\u00bb global_colors_info=\u00bb{}\u00bb]<\/p>\n<h2>C\u00e1tering Navidad 2025<\/h2>\n<p>[\/et_pb_text][et_pb_button button_url=\u00bbhttps:\/\/www.fondasport.net\/wp-content\/uploads\/2025\/11\/Catering-Nav.pdf\u00bb url_new_window=\u00bbon\u00bb button_text=\u00bbImprime tu c\u00e1tering\u00bb button_alignment=\u00bbcenter\u00bb _builder_version=\u00bb4.27.4&#8243; hover_enabled=\u00bb0&#8243; global_colors_info=\u00bb{}\u00bb sticky_enabled=\u00bb0&#8243;][\/et_pb_button][et_pb_text disabled_on=\u00bbon|on|off\u00bb _builder_version=\u00bb4.27.4&#8243; text_orientation=\u00bbcenter\u00bb custom_margin=\u00bb|||29.1%||\u00bb link_option_url=\u00bbhttps:\/\/www.fondasport.net\/wp-content\/uploads\/2024\/12\/FONDA-SPORT-CAST-2024_20241129_095345_0000-1-4-1-copia.pdf\u00bb link_option_url_new_window=\u00bbon\u00bb hover_enabled=\u00bb0&#8243; global_colors_info=\u00bb{}\u00bb sticky_enabled=\u00bb0&#8243;]<\/p>\n<p><span><a href=\"https:\/\/www.fondasport.net\/wp-content\/uploads\/2025\/11\/Catering-Nav.pdf\" class=\"pdfemb-viewer\" style=\"width:525px;height:750px;\" data-width=\"525\" data-height=\"750\" data-toolbar=\"bottom\" data-toolbar-fixed=\"off\">Catering-Nav<\/a><\/span><\/p>\n<p>[\/et_pb_text][\/et_pb_column][\/et_pb_row][et_pb_row column_structure=\u00bb1_2,1_2&#8243; make_equal=\u00bbon\u00bb disabled_on=\u00bboff|off|on\u00bb module_class=\u00bb et_pb_row_fullwidth\u00bb _builder_version=\u00bb4.16&#8243; background_size=\u00bbinitial\u00bb background_position=\u00bbtop_left\u00bb background_repeat=\u00bbrepeat\u00bb width=\u00bb89%\u00bb width_tablet=\u00bb80%\u00bb width_phone=\u00bb\u00bb width_last_edited=\u00bbon|desktop\u00bb max_width=\u00bb89%\u00bb max_width_tablet=\u00bb80%\u00bb max_width_phone=\u00bb\u00bb max_width_last_edited=\u00bbon|desktop\u00bb module_alignment=\u00bbcenter\u00bb custom_padding=\u00bb0|0px|29px|0px|false|false\u00bb make_fullwidth=\u00bbon\u00bb global_colors_info=\u00bb{}\u00bb][et_pb_column type=\u00bb1_2&#8243; _builder_version=\u00bb4.16&#8243; custom_padding=\u00bb|||\u00bb global_colors_info=\u00bb{}\u00bb custom_padding__hover=\u00bb|||\u00bb][et_pb_image src=\u00bbhttps:\/\/www.fondasport.net\/wp-content\/uploads\/2022\/12\/fonda-sport-castella_page-0001.jpg\u00bb title_text=\u00bbFONDA-SPORT-CASTELLA\u0300_page-0001&#8243; show_in_lightbox=\u00bbon\u00bb align=\u00bbcenter\u00bb align_tablet=\u00bbcenter\u00bb align_phone=\u00bb\u00bb align_last_edited=\u00bbon|desktop\u00bb _builder_version=\u00bb4.16&#8243; global_colors_info=\u00bb{}\u00bb][\/et_pb_image][\/et_pb_column][et_pb_column type=\u00bb1_2&#8243; _builder_version=\u00bb4.16&#8243; custom_padding=\u00bb|||\u00bb global_colors_info=\u00bb{}\u00bb custom_padding__hover=\u00bb|||\u00bb][et_pb_image src=\u00bbhttps:\/\/www.fondasport.net\/wp-content\/uploads\/2022\/12\/fonda-sport-castella_page-0002.jpg\u00bb title_text=\u00bbFONDA-SPORT-CASTELLA\u0300_page-0002&#8243; align_tablet=\u00bbcenter\u00bb align_phone=\u00bb\u00bb align_last_edited=\u00bbon|desktop\u00bb _builder_version=\u00bb4.16&#8243; global_colors_info=\u00bb{}\u00bb][\/et_pb_image][\/et_pb_column][\/et_pb_row][\/et_pb_section][et_pb_section fb_built=\u00bb1&#8243; module_id=\u00bbhabitacions\u00bb _builder_version=\u00bb4.16&#8243; use_background_color_gradient=\u00bbon\u00bb background_color_gradient_stops=\u00bb#e1d7ce 0%|#ffffff 100%\u00bb background_color_gradient_start=\u00bb#e1d7ce\u00bb background_color_gradient_end=\u00bb#ffffff\u00bb custom_padding=\u00bb0px||0px|\u00bb locked=\u00bboff\u00bb global_colors_info=\u00bb{}\u00bb][et_pb_row column_structure=\u00bb1_2,1_2&#8243; use_custom_gutter=\u00bbon\u00bb gutter_width=\u00bb1&#8243; make_equal=\u00bbon\u00bb module_id=\u00bbrestaurant\u00bb module_class=\u00bb et_pb_row_fullwidth\u00bb _builder_version=\u00bb4.16&#8243; width=\u00bb100%\u00bb width_tablet=\u00bb100%\u00bb width_phone=\u00bb\u00bb width_last_edited=\u00bbon|desktop\u00bb max_width=\u00bb100%\u00bb max_width_tablet=\u00bb100%\u00bb max_width_phone=\u00bb\u00bb max_width_last_edited=\u00bbon|desktop\u00bb custom_margin=\u00bb|||\u00bb custom_padding=\u00bb0px|0px|0px|0px\u00bb make_fullwidth=\u00bbon\u00bb locked=\u00bboff\u00bb global_colors_info=\u00bb{}\u00bb][et_pb_column type=\u00bb1_2&#8243; _builder_version=\u00bb4.16&#8243; background_image=\u00bbhttps:\/\/www.fondasport.net\/wp-content\/uploads\/2017\/09\/steak-2292901_1280.jpg\u00bb background_blend=\u00bboverlay\u00bb custom_padding=\u00bb|||\u00bb global_colors_info=\u00bb{}\u00bb custom_padding__hover=\u00bb|||\u00bb][\/et_pb_column][et_pb_column type=\u00bb1_2&#8243; _builder_version=\u00bb4.16&#8243; custom_padding=\u00bb100px|60px|100px|60px\u00bb global_colors_info=\u00bb{}\u00bb custom_padding__hover=\u00bb|||\u00bb][et_pb_text _builder_version=\u00bb4.16&#8243; text_orientation=\u00bbcenter\u00bb module_alignment=\u00bbcenter\u00bb global_colors_info=\u00bb{}\u00bb]<\/p>\n<h2>La Fonda, platos para llevar<\/h2>\n<p>[\/et_pb_text][et_pb_text _builder_version=\u00bb4.16&#8243; text_orientation=\u00bbcenter\u00bb module_alignment=\u00bbcenter\u00bb global_colors_info=\u00bb{}\u00bb]<\/p>\n<p>La cocina de nuestro pa\u00eds vuelve a los or\u00edgenes, a los platos tradicionales, de fiesta y los platos que han hecho de nuestra cocina una se\u00f1al de identidad.<br \/>Los platos de la Fonda Sport nunca han dejado de reivindicar estos or\u00edgenes tan ricos y sabrosos, los platos de toda la vida. Cada temporada, seg\u00fan la estaci\u00f3n y los productos del momento definimos una carta de platos para llevar pensados especialmente para ocasiones donde es necesario un catering de calidad.<\/p>\n<p>Todos estos platos se pueden encargar a la Fonda, ya sea para fiestas familiares, todo tipo de eventos y catering para comidas de empresa.<\/p>\n<p>[\/et_pb_text][\/et_pb_column][\/et_pb_row][\/et_pb_section][et_pb_section fb_built=\u00bb1&#8243; module_id=\u00bbserveis\u00bb _builder_version=\u00bb4.16&#8243; custom_padding=\u00bb0px|0px|0px|0px\u00bb global_colors_info=\u00bb{}\u00bb][et_pb_row use_custom_gutter=\u00bbon\u00bb gutter_width=\u00bb1&#8243; module_class=\u00bb et_pb_row_fullwidth\u00bb _builder_version=\u00bb4.16&#8243; width=\u00bb100%\u00bb width_tablet=\u00bb100%\u00bb width_phone=\u00bb\u00bb width_last_edited=\u00bbon|desktop\u00bb max_width=\u00bb100%\u00bb max_width_tablet=\u00bb100%\u00bb max_width_phone=\u00bb\u00bb max_width_last_edited=\u00bbon|desktop\u00bb custom_margin=\u00bb0px|0px|0px|0px\u00bb custom_padding=\u00bb0px|0px|0px|0px\u00bb make_fullwidth=\u00bbon\u00bb global_colors_info=\u00bb{}\u00bb][et_pb_column type=\u00bb4_4&#8243; _builder_version=\u00bb4.16&#8243; custom_padding=\u00bb0px|0px|0px|0px\u00bb global_colors_info=\u00bb{}\u00bb custom_padding__hover=\u00bb|||\u00bb][et_pb_cta title=\u00bbPedidos\u00bb button_url=\u00bbtel:+34977677188&#8243; button_text=\u00bb977 677 188&#8243; _builder_version=\u00bb4.16&#8243; header_font_size=\u00bb30px\u00bb body_font_size=\u00bb20px\u00bb custom_button=\u00bbon\u00bb button_text_size=\u00bb30px\u00bb button_icon=\u00bb&#xe090;||divi||400&#8243; button_icon_placement=\u00bbleft\u00bb button_on_hover=\u00bboff\u00bb custom_padding=\u00bb80px||80px|\u00bb animation_style=\u00bbbounce\u00bb global_colors_info=\u00bb{}\u00bb button_text_size__hover_enabled=\u00bboff\u00bb button_one_text_size__hover_enabled=\u00bboff\u00bb button_two_text_size__hover_enabled=\u00bboff\u00bb button_text_color__hover_enabled=\u00bboff\u00bb button_one_text_color__hover_enabled=\u00bboff\u00bb button_two_text_color__hover_enabled=\u00bboff\u00bb button_border_width__hover_enabled=\u00bboff\u00bb button_one_border_width__hover_enabled=\u00bboff\u00bb button_two_border_width__hover_enabled=\u00bboff\u00bb button_border_color__hover_enabled=\u00bboff\u00bb button_one_border_color__hover_enabled=\u00bboff\u00bb button_two_border_color__hover_enabled=\u00bboff\u00bb button_border_radius__hover_enabled=\u00bboff\u00bb button_one_border_radius__hover_enabled=\u00bboff\u00bb button_two_border_radius__hover_enabled=\u00bboff\u00bb button_letter_spacing__hover_enabled=\u00bboff\u00bb button_one_letter_spacing__hover_enabled=\u00bboff\u00bb button_two_letter_spacing__hover_enabled=\u00bboff\u00bb button_bg_color__hover_enabled=\u00bboff\u00bb button_one_bg_color__hover_enabled=\u00bboff\u00bb button_two_bg_color__hover_enabled=\u00bboff\u00bb]<\/p>\n<p>Llama a la Fonda Sport<br \/> lunes a jueves de 6:30 a 21:00<br \/> viernes y s\u00e1bados de 6:30 a 17:00<\/p>\n<p>[\/et_pb_cta][\/et_pb_column][\/et_pb_row][\/et_pb_section][et_pb_section fb_built=\u00bb1&#8243; module_id=\u00bbcontacte\u00bb _builder_version=\u00bb4.16&#8243; custom_padding=\u00bb0px|0px|0px|0px\u00bb global_colors_info=\u00bb{}\u00bb][et_pb_row column_structure=\u00bb2_3,1_3&#8243; use_custom_gutter=\u00bbon\u00bb gutter_width=\u00bb1&#8243; make_equal=\u00bbon\u00bb module_class=\u00bb et_pb_row_fullwidth\u00bb _builder_version=\u00bb4.16&#8243; width=\u00bb100%\u00bb width_tablet=\u00bb100%\u00bb width_phone=\u00bb\u00bb width_last_edited=\u00bbon|desktop\u00bb max_width=\u00bb100%\u00bb max_width_tablet=\u00bb100%\u00bb max_width_phone=\u00bb\u00bb max_width_last_edited=\u00bbon|desktop\u00bb custom_margin=\u00bb0px|0px|0px|0px\u00bb custom_padding=\u00bb0px|0px|0px|0px\u00bb make_fullwidth=\u00bbon\u00bb global_colors_info=\u00bb{}\u00bb][et_pb_column type=\u00bb2_3&#8243; _builder_version=\u00bb4.16&#8243; custom_padding=\u00bb|||\u00bb global_colors_info=\u00bb{}\u00bb custom_padding__hover=\u00bb|||\u00bb][et_pb_map address=\u00bb43713 Sant Jaume dels Domenys, Tarragona, Espanya\u00bb zoom_level=\u00bb15&#8243; address_lat=\u00bb41.2998213&#8243; address_lng=\u00bb1.559006&#8243; module_id=\u00bbmapa-fonda\u00bb _builder_version=\u00bb4.16&#8243; animation_style=\u00bbzoom\u00bb custom_css_main_element=\u00bbheight: 500px!important;\u00bb global_colors_info=\u00bb{}\u00bb][et_pb_map_pin title=\u00bbFonda Sport\u00bb pin_address=\u00bbCarrer Prat de la Riba, 10, 43713 Sant Jaume dels Domenys, Tarragona, Espanya\u00bb pin_address_lat=\u00bb41.2999783&#8243; pin_address_lng=\u00bb1.5594217&#8243; _builder_version=\u00bb3.0.72&#8243; global_colors_info=\u00bb{}\u00bb]Prat de la Riba, 10<br \/>\n43713 Sant Jaume dels Domenys<br \/>\n[\/et_pb_map_pin][\/et_pb_map][\/et_pb_column][et_pb_column type=\u00bb1_3&#8243; _builder_version=\u00bb4.16&#8243; custom_padding=\u00bb100px|40px|40px|100px\u00bb global_colors_info=\u00bb{}\u00bb custom_padding__hover=\u00bb|||\u00bb][et_pb_text _builder_version=\u00bb4.16&#8243; global_colors_info=\u00bb{}\u00bb]<\/p>\n<h3>Fonda Sport<\/h3>\n<p>Prat de la Riba, 10<br \/>\n43713 Sant Jaume dels Domenys (Tarragona)<\/p>\n<p>Tel\u00e9fono: <a href=\"tel:+34977677188\">+34 977 677 188<\/a><\/p>\n<p><a href=\"http:\/\/www.fondasport.net\">www.fondasport.net<\/a><br \/>\n[\/et_pb_text][\/et_pb_column][\/et_pb_row][\/et_pb_section]<\/p>\n","protected":false},"excerpt":{"rendered":"<p>&nbsp; Disfruta de tu tiempo y d\u00e9janos a nosotros el c\u00e1tering. Aqu\u00ed te dejamos nuestra propuesta de platos para llevar. Ser\u00e1 tu trabajo elegir, que ya avisamos que ser\u00e1 dif\u00edcil porque son todos deliciosos. Adem\u00e1s, algunos de los platos son aptos para cel\u00edacos y vegetarianos as\u00ed que todo el mundo podr\u00e1 disfrutar! Recuerda que los [&hellip;]<\/p>\n","protected":false},"author":1,"featured_media":18029,"parent":0,"menu_order":0,"comment_status":"open","ping_status":"closed","template":"","meta":{"_et_pb_use_builder":"on","_et_pb_old_content":"[vc_row][vc_column][vc_column_text]\r\n<h1>C\u00e0tering d'estiu de la Fonda Sport<\/h1>\r\n[\/vc_column_text][vc_column_text]Gaudeix de les Revetlles\u00a0i deixa\u2019ns a nosaltres el c\u00e0tering. Aqu\u00ed et deixem la nostra proposta de plats per emportar. Ser\u00e0 feina teva de triar, que ja t\u2019avisem que et ser\u00e0 dif\u00edcil perqu\u00e8 s\u00f3n tots deliciosos. A m\u00e9s, alguns dels plats s\u00f3n aptes per cel\u00edacs, aix\u00ed que tothom en podr\u00e0 gaudir![\/vc_column_text][vc_row_inner][vc_column_inner width=\"1\/4\"][\/vc_column_inner][vc_column_inner width=\"1\/2\"][vc_single_image image=\"6291\" img_size=\"large\" alignment=\"center\"][vc_single_image image=\"6292\" img_size=\"large\" alignment=\"center\"][\/vc_column_inner][vc_column_inner width=\"1\/4\"][\/vc_column_inner][\/vc_row_inner][\/vc_column][\/vc_row][vc_row][vc_column][vc_column_text]\r\n<h1>La fonda, plats per emportar<\/h1>\r\nLa cuina del nostre pa\u00eds torna als or\u00edgens, als plats tradicionals, de festa i els plats que han fet de la nostra cuina un senyal d'identitat.\r\nEls plats de la Fonda Sport mai han deixat de reivindicar aquests or\u00edgens tan rics i gustosos dels plats de tota la vida. Cada temporada, segons l\u2019estaci\u00f3 i els productes del moment definim una carta de plats per emportar pensats especialment per a ocasions on \u00e9s necessari un c\u00e0tering de qualitat.\r\nTots aquests plats es poden encarregar a la Fonda, ja sigui per festes familiars, tot tipus d'esdeveniments i c\u00e0tering per a \u00e0pats d'empresa.[\/vc_column_text][vc_cta_button call_text=\"Enc\u00e0rrecs: cal trucar a la Fonda Sport de dilluns a dijous de 6:30 a 21:00. Divendres i dissabte de 6:30 a 17:00.\" title=\"Tel. Fonda Sport 977 677 188\" color=\"btn-danger\" size=\"btn-large\" href=\"tel: 977677188\"][\/vc_column][\/vc_row]","_et_gb_content_width":"","footnotes":""},"class_list":["post-7365","page","type-page","status-publish","has-post-thumbnail","hentry"],"_links":{"self":[{"href":"https:\/\/www.fondasport.net\/es\/wp-json\/wp\/v2\/pages\/7365","targetHints":{"allow":["GET"]}}],"collection":[{"href":"https:\/\/www.fondasport.net\/es\/wp-json\/wp\/v2\/pages"}],"about":[{"href":"https:\/\/www.fondasport.net\/es\/wp-json\/wp\/v2\/types\/page"}],"author":[{"embeddable":true,"href":"https:\/\/www.fondasport.net\/es\/wp-json\/wp\/v2\/users\/1"}],"replies":[{"embeddable":true,"href":"https:\/\/www.fondasport.net\/es\/wp-json\/wp\/v2\/comments?post=7365"}],"version-history":[{"count":111,"href":"https:\/\/www.fondasport.net\/es\/wp-json\/wp\/v2\/pages\/7365\/revisions"}],"predecessor-version":[{"id":73732,"href":"https:\/\/www.fondasport.net\/es\/wp-json\/wp\/v2\/pages\/7365\/revisions\/73732"}],"wp:featuredmedia":[{"embeddable":true,"href":"https:\/\/www.fondasport.net\/es\/wp-json\/wp\/v2\/media\/18029"}],"wp:attachment":[{"href":"https:\/\/www.fondasport.net\/es\/wp-json\/wp\/v2\/media?parent=7365"}],"curies":[{"name":"wp","href":"https:\/\/api.w.org\/{rel}","templated":true}]}}