{"id":19687,"date":"2020-05-21T17:59:13","date_gmt":"2020-05-21T15:59:13","guid":{"rendered":"https:\/\/www.fondasport.net\/botiga-gastronomica\/sin%20categor\u00eda\/canelon-de-tortilla-de-espinacas-y-champinon-philadephia-y-bechamel\/"},"modified":"2024-11-07T12:42:55","modified_gmt":"2024-11-07T11:42:55","slug":"canelon-de-tortilla-de-espinacas-y-champinon-philadephia-y-bechamel","status":"publish","type":"product","link":"https:\/\/www.fondasport.net\/es\/botiga-gastronomica\/platos-del-dia\/canelon-de-tortilla-de-espinacas-y-champinon-philadephia-y-bechamel\/","title":{"rendered":"Canel\u00f3n de tortilla de espinacas y champi\u00f1\u00f3n"},"content":{"rendered":"","protected":false},"excerpt":{"rendered":"","protected":false},"featured_media":19034,"comment_status":"open","ping_status":"closed","template":"","meta":{"_et_pb_use_builder":"","_et_pb_old_content":"","_et_gb_content_width":""},"product_brand":[],"product_cat":[772],"product_tag":[],"class_list":{"0":"post-19687","1":"product","2":"type-product","3":"status-publish","4":"has-post-thumbnail","6":"product_cat-platos-del-dia","8":"first","9":"outofstock","10":"shipping-taxable","11":"purchasable","12":"product-type-simple"},"_links":{"self":[{"href":"https:\/\/www.fondasport.net\/es\/wp-json\/wp\/v2\/product\/19687","targetHints":{"allow":["GET"]}}],"collection":[{"href":"https:\/\/www.fondasport.net\/es\/wp-json\/wp\/v2\/product"}],"about":[{"href":"https:\/\/www.fondasport.net\/es\/wp-json\/wp\/v2\/types\/product"}],"replies":[{"embeddable":true,"href":"https:\/\/www.fondasport.net\/es\/wp-json\/wp\/v2\/comments?post=19687"}],"wp:featuredmedia":[{"embeddable":true,"href":"https:\/\/www.fondasport.net\/es\/wp-json\/wp\/v2\/media\/19034"}],"wp:attachment":[{"href":"https:\/\/www.fondasport.net\/es\/wp-json\/wp\/v2\/media?parent=19687"}],"wp:term":[{"taxonomy":"product_brand","embeddable":true,"href":"https:\/\/www.fondasport.net\/es\/wp-json\/wp\/v2\/product_brand?post=19687"},{"taxonomy":"product_cat","embeddable":true,"href":"https:\/\/www.fondasport.net\/es\/wp-json\/wp\/v2\/product_cat?post=19687"},{"taxonomy":"product_tag","embeddable":true,"href":"https:\/\/www.fondasport.net\/es\/wp-json\/wp\/v2\/product_tag?post=19687"}],"curies":[{"name":"wp","href":"https:\/\/api.w.org\/{rel}","templated":true}]}}