{"id":20573,"date":"2020-06-05T13:24:42","date_gmt":"2020-06-05T11:24:42","guid":{"rendered":"https:\/\/www.fondasport.net\/botiga-gastronomica\/sin%20categor\u00eda\/esparragos-verdes-a-la-plancha-con-jamon-del-pais-y-queso-havarti-fundido\/"},"modified":"2020-12-12T15:00:46","modified_gmt":"2020-12-12T14:00:46","slug":"esparragos-verdes-a-la-plancha-con-jamon-del-pais-y-queso-havarti-fundido","status":"publish","type":"product","link":"https:\/\/www.fondasport.net\/es\/botiga-gastronomica\/platos-del-dia\/esparragos-verdes-a-la-plancha-con-jamon-del-pais-y-queso-havarti-fundido\/","title":{"rendered":"Esp\u00e1rragos verdes a la plancha con jam\u00f3n del pa\u00eds y queso"},"content":{"rendered":"","protected":false},"excerpt":{"rendered":"","protected":false},"featured_media":19034,"comment_status":"open","ping_status":"closed","template":"","meta":{"_et_pb_use_builder":"","_et_pb_old_content":"","_et_gb_content_width":""},"product_brand":[],"product_cat":[772],"product_tag":[],"class_list":{"0":"post-20573","1":"product","2":"type-product","3":"status-publish","4":"has-post-thumbnail","6":"product_cat-platos-del-dia","8":"first","9":"outofstock","10":"shipping-taxable","11":"purchasable","12":"product-type-simple"},"_links":{"self":[{"href":"https:\/\/www.fondasport.net\/es\/wp-json\/wp\/v2\/product\/20573","targetHints":{"allow":["GET"]}}],"collection":[{"href":"https:\/\/www.fondasport.net\/es\/wp-json\/wp\/v2\/product"}],"about":[{"href":"https:\/\/www.fondasport.net\/es\/wp-json\/wp\/v2\/types\/product"}],"replies":[{"embeddable":true,"href":"https:\/\/www.fondasport.net\/es\/wp-json\/wp\/v2\/comments?post=20573"}],"wp:featuredmedia":[{"embeddable":true,"href":"https:\/\/www.fondasport.net\/es\/wp-json\/wp\/v2\/media\/19034"}],"wp:attachment":[{"href":"https:\/\/www.fondasport.net\/es\/wp-json\/wp\/v2\/media?parent=20573"}],"wp:term":[{"taxonomy":"product_brand","embeddable":true,"href":"https:\/\/www.fondasport.net\/es\/wp-json\/wp\/v2\/product_brand?post=20573"},{"taxonomy":"product_cat","embeddable":true,"href":"https:\/\/www.fondasport.net\/es\/wp-json\/wp\/v2\/product_cat?post=20573"},{"taxonomy":"product_tag","embeddable":true,"href":"https:\/\/www.fondasport.net\/es\/wp-json\/wp\/v2\/product_tag?post=20573"}],"curies":[{"name":"wp","href":"https:\/\/api.w.org\/{rel}","templated":true}]}}